{"id":2569,"date":"2020-02-12T13:19:14","date_gmt":"2020-02-12T12:19:14","guid":{"rendered":"http:\/\/edensud.fr\/?page_id=2569"},"modified":"2021-01-13T13:36:23","modified_gmt":"2021-01-13T12:36:23","slug":"blog-atelier-edensud-montpellier","status":"publish","type":"page","link":"https:\/\/edensud.fr\/index.php\/blog-atelier-edensud-montpellier\/","title":{"rendered":"Blog"},"content":{"rendered":"\n<p>Blog &#8211; Atelier Edensud Montpellier, c&rsquo;est \u00e0 dire.  Nous mettons notre cr\u00e9ativit\u00e9 au service des agences d\u2019\u00e9ditions, de communications et aux entreprises \u00e0 la recherche de prestataires en arts graphiques<\/p>\n\n\n\n<p>En effet, <strong>Edensud<\/strong> est un atelier de cr\u00e9ation graphique ind\u00e9pendant. \u00c0 la diff\u00e9rence d&rsquo;une agence de communication qui \u00e9labore des strat\u00e9gies marketing et g\u00e8re votre projet dans sa globalit\u00e9, un atelier graphique est en charge de la conception et de la fabrication des supports de communication. En transformant vos id\u00e9es en supports r\u00e9els et visuels, nous sommes en quelques sortes les artisans de la communication et de l&rsquo;\u00e9dition. <\/p>\n\n\n\n<p>Premi\u00e8rement, On appelle cela : artisan en arts graphiques. L&rsquo;univers de la communication visuelle est vaste et regroupe un grand nombre de disciplines. Nous faisons le choix de ne pas nous mettre en concurrence avec nos confr\u00e8res. Mais au contraire, de nous int\u00e9grer \u00e0 un ensemble collaboratif. Si vous avez besoin d&rsquo;une strat\u00e9gie pour d\u00e9velopper votre marque, nous vous orienterons vers les sp\u00e9cialistes concern\u00e9s. Si vous rechercher un graphiste pour mettre en forme votre communication, vous \u00eates \u00e0 la bonne adresse ! &nbsp; <\/p>\n\n\n\n<p>Deuxi\u00e8mement, Qu&rsquo;elle que soit l&rsquo;ampleur de votre projet, Edensud met \u00e0 votre disposition plusieurs corps de m\u00e9tiers pour satisfaire vos besoins en cr\u00e9ations graphiques. Ce sont nos fameux \u00ab\u00a0artisans en arts graphiques\u00a0\u00bb qui sont tous comp\u00e9tents. Ind\u00e9pendants et passionn\u00e9s par leur m\u00e9tier respectif : graphiste, maquettiste, typographe, \u00e9diteur et imprimeur tous supports. <\/p>\n\n\n\n<p>En outre, en parcourant notre portfolio, vous retrouverez de nombreuses fois le nom de Guillaume MOTTIER. Cet homme plut\u00f4t discret, issus d&rsquo;une formation en \u00e9cole sup\u00e9rieure d&rsquo;arts graphiques, est le fondateur d&rsquo;Edensud. Il est fortement conseill\u00e9 de se reposer sur son parcours et de se laisser porter par sa cr\u00e9ativit\u00e9 contagieuse. <\/p>\n\n\n\n<hr class=\"wp-block-separator\"\/>\n\n\n\n<hr class=\"wp-block-separator\"\/>\n\n\n\n<h2 class=\"wp-block-heading\">Blog &#8211; Atelier Edensud Montpellier &#8211; Nos comp\u00e9tences<\/h2>\n\n\n\n<p>De plus, Edensud est un atelier de cr\u00e9ation graphique ind\u00e9pendant, qui, gr\u00e2ce \u00e0 son r\u00e9seau de partenaires, vos accompagne selon vos besoins : de la cr\u00e9ation graphique jusqu\u2019\u00e0 la livraison de vos supports de qualit\u00e9s. Cr\u00e9ation graphique Mise en page de livre et magazine Design typographique Charte graphique et \u00e9ditoriale Communication \u00e9venementielle Rapport d&rsquo;activit\u00e9 Cr\u00e9ation et refonte de logo Signal\u00e9tique et PLV Marquage promotionnel <\/p>\n\n\n\n<p><\/p>\n\n\n\n<figure class=\"wp-block-embed\"><div class=\"wp-block-embed__wrapper\">\nhttps:\/\/www.linkedin.com\/company\/12584765\/admin\/\n<\/div><\/figure>\n\n\n\n\n\n\n\n<p><\/p>\n","protected":false},"excerpt":{"rendered":"<p>Blog &#8211; Atelier Edensud Montpellier, c&rsquo;est \u00e0 dire. Nous mettons notre cr\u00e9ativit\u00e9 au service des agences d\u2019\u00e9ditions, de communications et aux entreprises \u00e0 la recherche de<span class=\"excerpt-hellip\"> [\u2026]<\/span><\/p>\n","protected":false},"author":1,"featured_media":0,"parent":0,"menu_order":0,"comment_status":"closed","ping_status":"closed","template":"","meta":{"footnotes":""},"class_list":["post-2569","page","type-page","status-publish","hentry"],"yoast_head":"<!-- This site is optimized with the Yoast SEO plugin v24.4 - https:\/\/yoast.com\/wordpress\/plugins\/seo\/ -->\n<title>Blog - Atelier Edensud Montpellier cr\u00e9ations graphiques<\/title>\n<meta name=\"description\" content=\"Blog - Atelier Edensud Montpellier - Cr\u00e9ations graphiques - D\u00e9couvrez nos bonnes recettes pour des supports de communication et d&#039;\u00e9dition r\u00e9ussis.\" \/>\n<meta name=\"robots\" content=\"index, follow, max-snippet:-1, max-image-preview:large, max-video-preview:-1\" \/>\n<link rel=\"canonical\" href=\"https:\/\/edensud.fr\/index.php\/blog-atelier-edensud-montpellier\/\" \/>\n<meta property=\"og:locale\" content=\"fr_FR\" \/>\n<meta property=\"og:type\" content=\"article\" \/>\n<meta property=\"og:title\" content=\"Blog - Atelier Edensud Montpellier cr\u00e9ations graphiques\" \/>\n<meta property=\"og:description\" content=\"Blog - Atelier Edensud Montpellier - Cr\u00e9ations graphiques - D\u00e9couvrez nos bonnes recettes pour des supports de communication et d&#039;\u00e9dition r\u00e9ussis.\" \/>\n<meta property=\"og:url\" content=\"https:\/\/edensud.fr\/index.php\/blog-atelier-edensud-montpellier\/\" \/>\n<meta property=\"og:site_name\" content=\"Edensud\" \/>\n<meta property=\"article:modified_time\" content=\"2021-01-13T12:36:23+00:00\" \/>\n<meta name=\"twitter:card\" content=\"summary_large_image\" \/>\n<meta name=\"twitter:label1\" content=\"Dur\u00e9e de lecture estim\u00e9e\" \/>\n\t<meta name=\"twitter:data1\" content=\"2 minutes\" \/>\n<script type=\"application\/ld+json\" class=\"yoast-schema-graph\">{\"@context\":\"https:\/\/schema.org\",\"@graph\":[{\"@type\":\"WebPage\",\"@id\":\"https:\/\/edensud.fr\/index.php\/blog-atelier-edensud-montpellier\/\",\"url\":\"https:\/\/edensud.fr\/index.php\/blog-atelier-edensud-montpellier\/\",\"name\":\"Blog - Atelier Edensud Montpellier cr\u00e9ations graphiques\",\"isPartOf\":{\"@id\":\"http:\/\/edensud.fr\/#website\"},\"datePublished\":\"2020-02-12T12:19:14+00:00\",\"dateModified\":\"2021-01-13T12:36:23+00:00\",\"description\":\"Blog - Atelier Edensud Montpellier - Cr\u00e9ations graphiques - D\u00e9couvrez nos bonnes recettes pour des supports de communication et d'\u00e9dition r\u00e9ussis.\",\"breadcrumb\":{\"@id\":\"https:\/\/edensud.fr\/index.php\/blog-atelier-edensud-montpellier\/#breadcrumb\"},\"inLanguage\":\"fr-FR\",\"potentialAction\":[{\"@type\":\"ReadAction\",\"target\":[\"https:\/\/edensud.fr\/index.php\/blog-atelier-edensud-montpellier\/\"]}]},{\"@type\":\"BreadcrumbList\",\"@id\":\"https:\/\/edensud.fr\/index.php\/blog-atelier-edensud-montpellier\/#breadcrumb\",\"itemListElement\":[{\"@type\":\"ListItem\",\"position\":1,\"name\":\"Accueil\",\"item\":\"http:\/\/edensud.fr\/\"},{\"@type\":\"ListItem\",\"position\":2,\"name\":\"Blog\"}]},{\"@type\":\"WebSite\",\"@id\":\"http:\/\/edensud.fr\/#website\",\"url\":\"http:\/\/edensud.fr\/\",\"name\":\"Edensud\",\"description\":\"Atelier graphique\",\"publisher\":{\"@id\":\"http:\/\/edensud.fr\/#organization\"},\"potentialAction\":[{\"@type\":\"SearchAction\",\"target\":{\"@type\":\"EntryPoint\",\"urlTemplate\":\"http:\/\/edensud.fr\/?s={search_term_string}\"},\"query-input\":{\"@type\":\"PropertyValueSpecification\",\"valueRequired\":true,\"valueName\":\"search_term_string\"}}],\"inLanguage\":\"fr-FR\"},{\"@type\":\"Organization\",\"@id\":\"http:\/\/edensud.fr\/#organization\",\"name\":\"Edensud\",\"url\":\"http:\/\/edensud.fr\/\",\"logo\":{\"@type\":\"ImageObject\",\"inLanguage\":\"fr-FR\",\"@id\":\"http:\/\/edensud.fr\/#\/schema\/logo\/image\/\",\"url\":\"https:\/\/edensud.fr\/wp-content\/uploads\/2018\/06\/logo-eden-sud.png\",\"contentUrl\":\"https:\/\/edensud.fr\/wp-content\/uploads\/2018\/06\/logo-eden-sud.png\",\"width\":500,\"height\":150,\"caption\":\"Edensud\"},\"image\":{\"@id\":\"http:\/\/edensud.fr\/#\/schema\/logo\/image\/\"},\"sameAs\":[\"https:\/\/www.linkedin.com\/in\/guillaume-mottier-86144b10a\/\",\"https:\/\/www.pinterest.fr\/edensud\/\"]}]}<\/script>\n<!-- \/ Yoast SEO plugin. -->","yoast_head_json":{"title":"Blog - Atelier Edensud Montpellier cr\u00e9ations graphiques","description":"Blog - Atelier Edensud Montpellier - Cr\u00e9ations graphiques - D\u00e9couvrez nos bonnes recettes pour des supports de communication et d'\u00e9dition r\u00e9ussis.","robots":{"index":"index","follow":"follow","max-snippet":"max-snippet:-1","max-image-preview":"max-image-preview:large","max-video-preview":"max-video-preview:-1"},"canonical":"https:\/\/edensud.fr\/index.php\/blog-atelier-edensud-montpellier\/","og_locale":"fr_FR","og_type":"article","og_title":"Blog - Atelier Edensud Montpellier cr\u00e9ations graphiques","og_description":"Blog - Atelier Edensud Montpellier - Cr\u00e9ations graphiques - D\u00e9couvrez nos bonnes recettes pour des supports de communication et d'\u00e9dition r\u00e9ussis.","og_url":"https:\/\/edensud.fr\/index.php\/blog-atelier-edensud-montpellier\/","og_site_name":"Edensud","article_modified_time":"2021-01-13T12:36:23+00:00","twitter_card":"summary_large_image","twitter_misc":{"Dur\u00e9e de lecture estim\u00e9e":"2 minutes"},"schema":{"@context":"https:\/\/schema.org","@graph":[{"@type":"WebPage","@id":"https:\/\/edensud.fr\/index.php\/blog-atelier-edensud-montpellier\/","url":"https:\/\/edensud.fr\/index.php\/blog-atelier-edensud-montpellier\/","name":"Blog - Atelier Edensud Montpellier cr\u00e9ations graphiques","isPartOf":{"@id":"http:\/\/edensud.fr\/#website"},"datePublished":"2020-02-12T12:19:14+00:00","dateModified":"2021-01-13T12:36:23+00:00","description":"Blog - Atelier Edensud Montpellier - Cr\u00e9ations graphiques - D\u00e9couvrez nos bonnes recettes pour des supports de communication et d'\u00e9dition r\u00e9ussis.","breadcrumb":{"@id":"https:\/\/edensud.fr\/index.php\/blog-atelier-edensud-montpellier\/#breadcrumb"},"inLanguage":"fr-FR","potentialAction":[{"@type":"ReadAction","target":["https:\/\/edensud.fr\/index.php\/blog-atelier-edensud-montpellier\/"]}]},{"@type":"BreadcrumbList","@id":"https:\/\/edensud.fr\/index.php\/blog-atelier-edensud-montpellier\/#breadcrumb","itemListElement":[{"@type":"ListItem","position":1,"name":"Accueil","item":"http:\/\/edensud.fr\/"},{"@type":"ListItem","position":2,"name":"Blog"}]},{"@type":"WebSite","@id":"http:\/\/edensud.fr\/#website","url":"http:\/\/edensud.fr\/","name":"Edensud","description":"Atelier graphique","publisher":{"@id":"http:\/\/edensud.fr\/#organization"},"potentialAction":[{"@type":"SearchAction","target":{"@type":"EntryPoint","urlTemplate":"http:\/\/edensud.fr\/?s={search_term_string}"},"query-input":{"@type":"PropertyValueSpecification","valueRequired":true,"valueName":"search_term_string"}}],"inLanguage":"fr-FR"},{"@type":"Organization","@id":"http:\/\/edensud.fr\/#organization","name":"Edensud","url":"http:\/\/edensud.fr\/","logo":{"@type":"ImageObject","inLanguage":"fr-FR","@id":"http:\/\/edensud.fr\/#\/schema\/logo\/image\/","url":"https:\/\/edensud.fr\/wp-content\/uploads\/2018\/06\/logo-eden-sud.png","contentUrl":"https:\/\/edensud.fr\/wp-content\/uploads\/2018\/06\/logo-eden-sud.png","width":500,"height":150,"caption":"Edensud"},"image":{"@id":"http:\/\/edensud.fr\/#\/schema\/logo\/image\/"},"sameAs":["https:\/\/www.linkedin.com\/in\/guillaume-mottier-86144b10a\/","https:\/\/www.pinterest.fr\/edensud\/"]}]}},"_links":{"self":[{"href":"https:\/\/edensud.fr\/index.php\/wp-json\/wp\/v2\/pages\/2569","targetHints":{"allow":["GET"]}}],"collection":[{"href":"https:\/\/edensud.fr\/index.php\/wp-json\/wp\/v2\/pages"}],"about":[{"href":"https:\/\/edensud.fr\/index.php\/wp-json\/wp\/v2\/types\/page"}],"author":[{"embeddable":true,"href":"https:\/\/edensud.fr\/index.php\/wp-json\/wp\/v2\/users\/1"}],"replies":[{"embeddable":true,"href":"https:\/\/edensud.fr\/index.php\/wp-json\/wp\/v2\/comments?post=2569"}],"version-history":[{"count":6,"href":"https:\/\/edensud.fr\/index.php\/wp-json\/wp\/v2\/pages\/2569\/revisions"}],"predecessor-version":[{"id":2709,"href":"https:\/\/edensud.fr\/index.php\/wp-json\/wp\/v2\/pages\/2569\/revisions\/2709"}],"wp:attachment":[{"href":"https:\/\/edensud.fr\/index.php\/wp-json\/wp\/v2\/media?parent=2569"}],"curies":[{"name":"wp","href":"https:\/\/api.w.org\/{rel}","templated":true}]}}