{"id":2271,"date":"2018-06-21T11:41:41","date_gmt":"2018-06-21T09:41:41","guid":{"rendered":"http:\/\/edensud.fr\/?page_id=2271"},"modified":"2023-06-27T10:53:28","modified_gmt":"2023-06-27T08:53:28","slug":"atelier-independant","status":"publish","type":"page","link":"https:\/\/edensud.fr\/index.php\/atelier-independant\/","title":{"rendered":"Atelier ind\u00e9pendant"},"content":{"rendered":"<p><\/p>\n<div class=\"section mcb-section mcb-section-7c91e36bc\">\n<div class=\"section_wrapper mcb-section-inner\">\n<div class=\"wrap mcb-wrap mcb-wrap-1b266f87d one-third  valign-top clearfix\">\n<div class=\"mcb-wrap-inner\">\n<div class=\"column mcb-column mcb-item-27b9762d3 one column_column\">\n<div>Edensud est un atelier de cr\u00e9ations ind\u00e9pendant. C&rsquo;est \u00e0 dire que mettons notre cr\u00e9ativit\u00e9 au service des agences d\u2019\u00e9ditions, de communications et aux entreprises \u00e0 la recherche de prestataires en arts graphiques<\/div>\n<\/div>\n<div>&nbsp;<\/div>\n<div class=\"column mcb-column mcb-item-27b9762d3 one column_column\">\n<div class=\"column_attr clearfix\"><b>Edensud<\/b> est un atelier de cr\u00e9ation graphique ind\u00e9pendant. \u00c0 la diff\u00e9rence d&rsquo;une agence de communication qui \u00e9labore des strat\u00e9gies marketing et g\u00e8re votre projet dans sa globalit\u00e9, un atelier graphique est en charge de la conception et de la fabrication des supports de communication. En transformant vos id\u00e9es en supports r\u00e9els et visuels, nous sommes en quelques sortes les artisans de la communication et de l&rsquo;\u00e9dition. On appelle cela : artisan en arts graphiques.<\/div>\n<\/div>\n<\/div>\n<\/div>\n<div class=\"wrap mcb-wrap mcb-wrap-d08b3d67f one-third  valign-top clearfix\">\n<div class=\"mcb-wrap-inner\">\n<div class=\"column mcb-column mcb-item-afc82c7e0 one column_column\">\n<div class=\"column_attr clearfix\">Cependant, l&rsquo;univers de la communication visuelle est vaste et regroupe un grand nombre de disciplines. Nous faisons le choix de ne pas nous mettre en concurrence avec nos confr\u00e8res, mais au contraire, de nous int\u00e9grer \u00e0 un ensemble collaboratif. Si vous avez besoin d&rsquo;une strat\u00e9gie pour d\u00e9velopper votre marque, nous vous orienterons vers les sp\u00e9cialistes concern\u00e9s. Si vous rechercher un graphiste pour mettre en forme votre communication, vous \u00eates \u00e0 la bonne adresse !<\/div>\n<\/div>\n<\/div>\n<\/div>\n<\/div>\n<\/div>\n<div class=\"section mcb-section mcb-section-fcdacc415\">\n<div class=\"section_wrapper mcb-section-inner\">\n<div class=\"wrap mcb-wrap mcb-wrap-ad934dd05 one-fifth  valign-top clearfix\">\n<div class=\"mcb-wrap-inner\">\n<div class=\"column mcb-column mcb-item-406d46847 one column_column\">\n<div class=\"column_attr clearfix\">&nbsp;<\/div>\n<\/div>\n<\/div>\n<\/div>\n<div class=\"wrap mcb-wrap mcb-wrap-82e8b05fa one-third  valign-top clearfix\">\n<div class=\"mcb-wrap-inner\">\n<div class=\"column mcb-column mcb-item-d4176a2f2 one column_column\">\n<div class=\"column_attr clearfix\">En effet, qu&rsquo;elle que soit l&rsquo;ampleur de votre projet, Edensud met \u00e0 votre disposition plusieurs corps de m\u00e9tiers pour satisfaire vos besoins en cr\u00e9ations graphiques. Ce sont nos fameux \u00ab\u00a0artisans en arts graphiques\u00a0\u00bb qui sont tous comp\u00e9tents, ind\u00e9pendants et passionn\u00e9s par leur m\u00e9tier respectif : graphiste, maquettiste, typographe, \u00e9diteur et imprimeur tous supports.<\/div>\n<\/div>\n<\/div>\n<\/div>\n<div class=\"wrap mcb-wrap mcb-wrap-f708c4606 one-third  valign-top clearfix\">\n<div class=\"mcb-wrap-inner\">\n<div class=\"column mcb-column mcb-item-38b81ee81 one column_column\">\n<div class=\"column_attr clearfix\">En parcourant notre portfolio, vous retrouverez de nombreuses fois le nom de Guillaume MOTTIER. Cet homme plut\u00f4t discret, issus d&rsquo;une formation en \u00e9cole sup\u00e9rieure d&rsquo;arts graphiques, est le fondateur d&rsquo;Edensud. Il est fortement conseill\u00e9 de se reposer sur son parcours et de se laisser porter par sa cr\u00e9ativit\u00e9 contagieuse.<\/div>\n<\/div>\n<\/div>\n<div>\n<div class=\"column mcb-column mcb-item-8634edda9 one column_divider\">\n<hr class=\"no_line\"><\/div>\n<div class=\"column mcb-column mcb-item-03812f431 one column_divider\">\n<hr class=\"no_line\"><\/div>\n<div class=\"column mcb-column mcb-item-85903e125 one column_column\">\n<div class=\"column_attr clearfix\">\n<h2>Nos comp\u00e9tences<\/h2>\n<p>Edensud est un atelier de cr\u00e9ation graphique ind\u00e9pendant, qui, gr\u00e2ce \u00e0 son r\u00e9seau de partenaires, vos accompagne selon vos besoins : de la cr\u00e9ation graphique jusqu\u2019\u00e0 la livraison de vos supports de qualit\u00e9s.<\/p>\n<\/div>\n<\/div>\n<div class=\"column mcb-column mcb-item-e08ddc437 one-third column_column\">\n<div class=\"column_attr clearfix\">Cr\u00e9ation graphique<\/div>\n<\/div>\n<div class=\"column mcb-column mcb-item-0832e381a one-third column_column\">\n<div class=\"column_attr clearfix\">Mise en page de livre et magazine<\/div>\n<\/div>\n<div class=\"column mcb-column mcb-item-baaf9b267 one-third column_column\">\n<div class=\"column_attr clearfix\">Design typographique<\/div>\n<\/div>\n<div class=\"column mcb-column mcb-item-d276dca7a one-third column_column\">\n<div class=\"column_attr clearfix\">Charte graphique et \u00e9ditoriale<\/div>\n<\/div>\n<div class=\"column mcb-column mcb-item-8d8df503f one-third column_column\">\n<div class=\"column_attr clearfix\">Communication \u00e9venementielle<\/div>\n<\/div>\n<div class=\"column mcb-column mcb-item-47bca511e one-third column_column\">\n<div class=\"column_attr clearfix\">Rapport d&rsquo;activit\u00e9<\/div>\n<\/div>\n<div class=\"column mcb-column mcb-item-b9f4d9374 one-third column_column\">\n<div class=\"column_attr clearfix\">Cr\u00e9ation et refonte de logo<\/div>\n<\/div>\n<div class=\"column mcb-column mcb-item-bb138ad50 one-third column_column\">\n<div class=\"column_attr clearfix\">Signal\u00e9tique et PLV<\/div>\n<\/div>\n<div class=\"column mcb-column mcb-item-bbebcf4ac one-third column_column\">\n<div class=\"column_attr clearfix\">Marquage promotionnel<\/div>\n<\/div>\n<\/div>\n<\/div>\n<\/div>\n<\/div>\n\n\n<h2 class=\"wp-block-heading\">atelier ind\u00e9pendant edensud<\/h2>\n\n\n\n<h3 class=\"wp-block-heading\">atelier ind\u00e9pendant edensud<\/h3>\n","protected":false},"excerpt":{"rendered":"<p>Edensud est un atelier de cr\u00e9ations ind\u00e9pendant. C&rsquo;est \u00e0 dire que mettons notre cr\u00e9ativit\u00e9 au service des agences d\u2019\u00e9ditions, de communications et aux entreprises \u00e0 la<span class=\"excerpt-hellip\"> [\u2026]<\/span><\/p>\n","protected":false},"author":1,"featured_media":0,"parent":0,"menu_order":0,"comment_status":"closed","ping_status":"closed","template":"","meta":{"footnotes":""},"class_list":["post-2271","page","type-page","status-publish","hentry"],"yoast_head":"<!-- This site is optimized with the Yoast SEO plugin v24.4 - https:\/\/yoast.com\/wordpress\/plugins\/seo\/ -->\n<title>Atelier ind\u00e9pendant Edensud - atelier de cr\u00e9ation graphique ind\u00e9pendant<\/title>\n<meta name=\"description\" content=\"Atelier ind\u00e9pendant Edensud. Nous sommes en charge de la conception et de la fabrication des supports de communication r\u00e9els et visuels.\" \/>\n<meta name=\"robots\" content=\"index, follow, max-snippet:-1, max-image-preview:large, max-video-preview:-1\" \/>\n<link rel=\"canonical\" href=\"http:\/\/edensud.fr\/index.php\/atelier-independant\/\" \/>\n<meta property=\"og:locale\" content=\"fr_FR\" \/>\n<meta property=\"og:type\" content=\"article\" \/>\n<meta property=\"og:title\" content=\"Atelier ind\u00e9pendant Edensud - atelier de cr\u00e9ation graphique ind\u00e9pendant\" \/>\n<meta property=\"og:description\" content=\"Atelier ind\u00e9pendant Edensud. Nous sommes en charge de la conception et de la fabrication des supports de communication r\u00e9els et visuels.\" \/>\n<meta property=\"og:url\" content=\"http:\/\/edensud.fr\/index.php\/atelier-independant\/\" \/>\n<meta property=\"og:site_name\" content=\"Edensud\" \/>\n<meta property=\"article:modified_time\" content=\"2023-06-27T08:53:28+00:00\" \/>\n<meta name=\"twitter:card\" content=\"summary_large_image\" \/>\n<meta name=\"twitter:label1\" content=\"Dur\u00e9e de lecture estim\u00e9e\" \/>\n\t<meta name=\"twitter:data1\" content=\"2 minutes\" \/>\n<script type=\"application\/ld+json\" class=\"yoast-schema-graph\">{\"@context\":\"https:\/\/schema.org\",\"@graph\":[{\"@type\":\"WebPage\",\"@id\":\"http:\/\/edensud.fr\/index.php\/atelier-independant\/\",\"url\":\"http:\/\/edensud.fr\/index.php\/atelier-independant\/\",\"name\":\"Atelier ind\u00e9pendant Edensud - atelier de cr\u00e9ation graphique ind\u00e9pendant\",\"isPartOf\":{\"@id\":\"http:\/\/edensud.fr\/#website\"},\"datePublished\":\"2018-06-21T09:41:41+00:00\",\"dateModified\":\"2023-06-27T08:53:28+00:00\",\"description\":\"Atelier ind\u00e9pendant Edensud. Nous sommes en charge de la conception et de la fabrication des supports de communication r\u00e9els et visuels.\",\"breadcrumb\":{\"@id\":\"http:\/\/edensud.fr\/index.php\/atelier-independant\/#breadcrumb\"},\"inLanguage\":\"fr-FR\",\"potentialAction\":[{\"@type\":\"ReadAction\",\"target\":[\"http:\/\/edensud.fr\/index.php\/atelier-independant\/\"]}]},{\"@type\":\"BreadcrumbList\",\"@id\":\"http:\/\/edensud.fr\/index.php\/atelier-independant\/#breadcrumb\",\"itemListElement\":[{\"@type\":\"ListItem\",\"position\":1,\"name\":\"Accueil\",\"item\":\"http:\/\/edensud.fr\/\"},{\"@type\":\"ListItem\",\"position\":2,\"name\":\"Atelier ind\u00e9pendant\"}]},{\"@type\":\"WebSite\",\"@id\":\"http:\/\/edensud.fr\/#website\",\"url\":\"http:\/\/edensud.fr\/\",\"name\":\"Edensud\",\"description\":\"Atelier graphique\",\"publisher\":{\"@id\":\"http:\/\/edensud.fr\/#organization\"},\"potentialAction\":[{\"@type\":\"SearchAction\",\"target\":{\"@type\":\"EntryPoint\",\"urlTemplate\":\"http:\/\/edensud.fr\/?s={search_term_string}\"},\"query-input\":{\"@type\":\"PropertyValueSpecification\",\"valueRequired\":true,\"valueName\":\"search_term_string\"}}],\"inLanguage\":\"fr-FR\"},{\"@type\":\"Organization\",\"@id\":\"http:\/\/edensud.fr\/#organization\",\"name\":\"Edensud\",\"url\":\"http:\/\/edensud.fr\/\",\"logo\":{\"@type\":\"ImageObject\",\"inLanguage\":\"fr-FR\",\"@id\":\"http:\/\/edensud.fr\/#\/schema\/logo\/image\/\",\"url\":\"https:\/\/edensud.fr\/wp-content\/uploads\/2018\/06\/logo-eden-sud.png\",\"contentUrl\":\"https:\/\/edensud.fr\/wp-content\/uploads\/2018\/06\/logo-eden-sud.png\",\"width\":500,\"height\":150,\"caption\":\"Edensud\"},\"image\":{\"@id\":\"http:\/\/edensud.fr\/#\/schema\/logo\/image\/\"},\"sameAs\":[\"https:\/\/www.linkedin.com\/in\/guillaume-mottier-86144b10a\/\",\"https:\/\/www.pinterest.fr\/edensud\/\"]}]}<\/script>\n<!-- \/ Yoast SEO plugin. -->","yoast_head_json":{"title":"Atelier ind\u00e9pendant Edensud - atelier de cr\u00e9ation graphique ind\u00e9pendant","description":"Atelier ind\u00e9pendant Edensud. Nous sommes en charge de la conception et de la fabrication des supports de communication r\u00e9els et visuels.","robots":{"index":"index","follow":"follow","max-snippet":"max-snippet:-1","max-image-preview":"max-image-preview:large","max-video-preview":"max-video-preview:-1"},"canonical":"http:\/\/edensud.fr\/index.php\/atelier-independant\/","og_locale":"fr_FR","og_type":"article","og_title":"Atelier ind\u00e9pendant Edensud - atelier de cr\u00e9ation graphique ind\u00e9pendant","og_description":"Atelier ind\u00e9pendant Edensud. Nous sommes en charge de la conception et de la fabrication des supports de communication r\u00e9els et visuels.","og_url":"http:\/\/edensud.fr\/index.php\/atelier-independant\/","og_site_name":"Edensud","article_modified_time":"2023-06-27T08:53:28+00:00","twitter_card":"summary_large_image","twitter_misc":{"Dur\u00e9e de lecture estim\u00e9e":"2 minutes"},"schema":{"@context":"https:\/\/schema.org","@graph":[{"@type":"WebPage","@id":"http:\/\/edensud.fr\/index.php\/atelier-independant\/","url":"http:\/\/edensud.fr\/index.php\/atelier-independant\/","name":"Atelier ind\u00e9pendant Edensud - atelier de cr\u00e9ation graphique ind\u00e9pendant","isPartOf":{"@id":"http:\/\/edensud.fr\/#website"},"datePublished":"2018-06-21T09:41:41+00:00","dateModified":"2023-06-27T08:53:28+00:00","description":"Atelier ind\u00e9pendant Edensud. Nous sommes en charge de la conception et de la fabrication des supports de communication r\u00e9els et visuels.","breadcrumb":{"@id":"http:\/\/edensud.fr\/index.php\/atelier-independant\/#breadcrumb"},"inLanguage":"fr-FR","potentialAction":[{"@type":"ReadAction","target":["http:\/\/edensud.fr\/index.php\/atelier-independant\/"]}]},{"@type":"BreadcrumbList","@id":"http:\/\/edensud.fr\/index.php\/atelier-independant\/#breadcrumb","itemListElement":[{"@type":"ListItem","position":1,"name":"Accueil","item":"http:\/\/edensud.fr\/"},{"@type":"ListItem","position":2,"name":"Atelier ind\u00e9pendant"}]},{"@type":"WebSite","@id":"http:\/\/edensud.fr\/#website","url":"http:\/\/edensud.fr\/","name":"Edensud","description":"Atelier graphique","publisher":{"@id":"http:\/\/edensud.fr\/#organization"},"potentialAction":[{"@type":"SearchAction","target":{"@type":"EntryPoint","urlTemplate":"http:\/\/edensud.fr\/?s={search_term_string}"},"query-input":{"@type":"PropertyValueSpecification","valueRequired":true,"valueName":"search_term_string"}}],"inLanguage":"fr-FR"},{"@type":"Organization","@id":"http:\/\/edensud.fr\/#organization","name":"Edensud","url":"http:\/\/edensud.fr\/","logo":{"@type":"ImageObject","inLanguage":"fr-FR","@id":"http:\/\/edensud.fr\/#\/schema\/logo\/image\/","url":"https:\/\/edensud.fr\/wp-content\/uploads\/2018\/06\/logo-eden-sud.png","contentUrl":"https:\/\/edensud.fr\/wp-content\/uploads\/2018\/06\/logo-eden-sud.png","width":500,"height":150,"caption":"Edensud"},"image":{"@id":"http:\/\/edensud.fr\/#\/schema\/logo\/image\/"},"sameAs":["https:\/\/www.linkedin.com\/in\/guillaume-mottier-86144b10a\/","https:\/\/www.pinterest.fr\/edensud\/"]}]}},"_links":{"self":[{"href":"https:\/\/edensud.fr\/index.php\/wp-json\/wp\/v2\/pages\/2271","targetHints":{"allow":["GET"]}}],"collection":[{"href":"https:\/\/edensud.fr\/index.php\/wp-json\/wp\/v2\/pages"}],"about":[{"href":"https:\/\/edensud.fr\/index.php\/wp-json\/wp\/v2\/types\/page"}],"author":[{"embeddable":true,"href":"https:\/\/edensud.fr\/index.php\/wp-json\/wp\/v2\/users\/1"}],"replies":[{"embeddable":true,"href":"https:\/\/edensud.fr\/index.php\/wp-json\/wp\/v2\/comments?post=2271"}],"version-history":[{"count":11,"href":"https:\/\/edensud.fr\/index.php\/wp-json\/wp\/v2\/pages\/2271\/revisions"}],"predecessor-version":[{"id":2759,"href":"https:\/\/edensud.fr\/index.php\/wp-json\/wp\/v2\/pages\/2271\/revisions\/2759"}],"wp:attachment":[{"href":"https:\/\/edensud.fr\/index.php\/wp-json\/wp\/v2\/media?parent=2271"}],"curies":[{"name":"wp","href":"https:\/\/api.w.org\/{rel}","templated":true}]}}