{"id":2218,"date":"2015-01-05T09:13:55","date_gmt":"2015-01-05T09:13:55","guid":{"rendered":"http:\/\/themes.muffingroup.com\/be\/creative\/?page_id=2218"},"modified":"2020-02-12T15:58:43","modified_gmt":"2020-02-12T14:58:43","slug":"portfolio","status":"publish","type":"page","link":"https:\/\/edensud.fr\/index.php\/portfolio\/","title":{"rendered":"Portfolio"},"content":{"rendered":"<h2>portfolio edensud\u00a0<\/h2>\n<p>Premi\u00e8rement, portfolio edensud ind\u00e9pendant bas\u00e9 \u00e0 montpellier.\u00a0<b>Edensud<\/b> est un atelier de cr\u00e9ation graphique ind\u00e9pendant. \u00c0 la diff\u00e9rence d&rsquo;une agence de communication qui \u00e9labore des strat\u00e9gies marketing et g\u00e8re votre projet dans sa globalit\u00e9, un atelier graphique est en charge de la conception et de la fabrication des supports de communication. En transformant vos id\u00e9es en supports r\u00e9els et visuels, nous sommes en quelques sortes les artisans de la communication et de l&rsquo;\u00e9dition. On appelle cela : artisan en arts graphiques.<\/p>\n<h2>Graphiste ind\u00e9pendant<\/h2>\n<p>Deuxi\u00e8mement, l&rsquo;univers de la communication visuelle est vaste et regroupe un grand nombre de disciplines. N\u00e9anmoins, nous faisons le choix de ne pas nous mettre en concurrence avec nos confr\u00e8res, mais au contraire, de nous int\u00e9grer \u00e0 un ensemble collaboratif. Si vous avez besoin d&rsquo;une strat\u00e9gie pour d\u00e9velopper votre marque, nous vous orienterons vers les sp\u00e9cialistes concern\u00e9s. Si vous rechercher un graphiste pour mettre en forme votre communication, vous \u00eates \u00e0 la bonne adresse !<\/p>\n<h3>Travailleur d\u00e9tach\u00e9 et attachant<\/h3>\n<p>Un atelier de cr\u00e9ations ind\u00e9pendant. C&rsquo;est-\u00e0-dire que nous mettons notre cr\u00e9ativit\u00e9 au service des agences d\u2019\u00e9ditions, de communications et aux entreprises \u00e0 la recherche de prestataires en arts graphiques.<\/p>\n<p>D\u00e9sormais \u00c9tabli \u00e0 Montpellier (France) depuis 2012, nous \u0153uvrons en toute discr\u00e9tion pour satisfaire un panel de clients et de partenaires toujours grandissant. Nos mots d\u2019ordre : r\u00e9aticvit\u00e9, pertinance et efficacit\u00e9.<\/p>\n<p><b>R\u00e9daction du cahier des charges<\/b><\/p>\n<p>Qui r\u00e9pondant au besoin, en coh\u00e9rence avec la strat\u00e9gie de communication.<\/p>\n<p><b>Recherches cr\u00e9atives<\/b><br \/>Car mise en page du document correspondante \u00e0 l\u2019approche sociolostyle de la cible.<\/p>\n<p><b>Livraison du support<\/b><br \/>imprim\u00e9 ou non, de l\u2019int\u00e9gralit\u00e9 des fichiers sources ainsi que des resources graphiques.<\/p>\n<p>voir le portfolio de l\u2019atelier<\/p>\n<p><a href=\"http:\/\/edensud.fr\/index.php\/portfolio\/\">http:\/\/edensud.fr\/index.php\/portfolio\/<\/a><\/p>\n<p>\u00a0<\/p>\n<h2>Comp\u00e9tences<\/h2>\n<p><b>En conclusion, Edensud est un atelier de cr\u00e9ation graphique ind\u00e9pendant<\/b>, qui, gr\u00e2ce \u00e0 son r\u00e9seau de partenaires, vos accompagne selon vos besoin : de la cr\u00e9ation graphique jusqu\u2019\u00e0 la mise en \u0153uvre d\u2019une strat\u00e9gie globale de communication.<\/p>\n<p>Cr\u00e9ation graphique Print &amp; Web<\/p>\n<p>Mise en page de magazine<\/p>\n<p>Impression tous supports<\/p>\n<p>Charte graphique et \u00e9ditoriale<\/p>\n<p>Communication \u00e9venementielle<\/p>\n<p>Motion design et vid\u00e9o<\/p>\n<p>Cr\u00e9ation et refonte de logo<\/p>\n<p>Illustration traditionnelle et digitale<\/p>\n<p>Marquage promotionnel<\/p>\n<p>\u00a0<\/p>\n\n\n<h2 class=\"wp-block-heading\">portfolio edensud<\/h2>\n","protected":false},"excerpt":{"rendered":"<p>portfolio edensud\u00a0 Premi\u00e8rement, portfolio edensud ind\u00e9pendant bas\u00e9 \u00e0 montpellier.\u00a0Edensud est un atelier de cr\u00e9ation graphique ind\u00e9pendant. \u00c0 la diff\u00e9rence d&rsquo;une agence de communication qui \u00e9labore des<span class=\"excerpt-hellip\"> [\u2026]<\/span><\/p>\n","protected":false},"author":1,"featured_media":0,"parent":0,"menu_order":0,"comment_status":"open","ping_status":"open","template":"template-portfolio.php","meta":{"footnotes":""},"class_list":["post-2218","page","type-page","status-publish","hentry"],"yoast_head":"<!-- This site is optimized with the Yoast SEO plugin v24.4 - https:\/\/yoast.com\/wordpress\/plugins\/seo\/ -->\n<title>Portfolio Edensud - atelier de cr\u00e9ation graphique ind\u00e9pendant<\/title>\n<meta name=\"description\" content=\"Portfolio Edensud. Nous sommes en charge de la conception et de la fabrication des supports de communication r\u00e9els et visuels.\" \/>\n<meta name=\"robots\" content=\"index, follow, max-snippet:-1, max-image-preview:large, max-video-preview:-1\" \/>\n<link rel=\"canonical\" href=\"https:\/\/edensud.fr\/index.php\/portfolio\/\" \/>\n<meta property=\"og:locale\" content=\"fr_FR\" \/>\n<meta property=\"og:type\" content=\"article\" \/>\n<meta property=\"og:title\" content=\"Portfolio Edensud - atelier de cr\u00e9ation graphique ind\u00e9pendant\" \/>\n<meta property=\"og:description\" content=\"Portfolio Edensud. Nous sommes en charge de la conception et de la fabrication des supports de communication r\u00e9els et visuels.\" \/>\n<meta property=\"og:url\" content=\"https:\/\/edensud.fr\/index.php\/portfolio\/\" \/>\n<meta property=\"og:site_name\" content=\"Edensud\" \/>\n<meta property=\"article:modified_time\" content=\"2020-02-12T14:58:43+00:00\" \/>\n<meta name=\"twitter:card\" content=\"summary_large_image\" \/>\n<meta name=\"twitter:label1\" content=\"Dur\u00e9e de lecture estim\u00e9e\" \/>\n\t<meta name=\"twitter:data1\" content=\"2 minutes\" \/>\n<script type=\"application\/ld+json\" class=\"yoast-schema-graph\">{\"@context\":\"https:\/\/schema.org\",\"@graph\":[{\"@type\":\"WebPage\",\"@id\":\"https:\/\/edensud.fr\/index.php\/portfolio\/\",\"url\":\"https:\/\/edensud.fr\/index.php\/portfolio\/\",\"name\":\"Portfolio Edensud - atelier de cr\u00e9ation graphique ind\u00e9pendant\",\"isPartOf\":{\"@id\":\"http:\/\/edensud.fr\/#website\"},\"datePublished\":\"2015-01-05T09:13:55+00:00\",\"dateModified\":\"2020-02-12T14:58:43+00:00\",\"description\":\"Portfolio Edensud. Nous sommes en charge de la conception et de la fabrication des supports de communication r\u00e9els et visuels.\",\"breadcrumb\":{\"@id\":\"https:\/\/edensud.fr\/index.php\/portfolio\/#breadcrumb\"},\"inLanguage\":\"fr-FR\",\"potentialAction\":[{\"@type\":\"ReadAction\",\"target\":[\"https:\/\/edensud.fr\/index.php\/portfolio\/\"]}]},{\"@type\":\"BreadcrumbList\",\"@id\":\"https:\/\/edensud.fr\/index.php\/portfolio\/#breadcrumb\",\"itemListElement\":[{\"@type\":\"ListItem\",\"position\":1,\"name\":\"Accueil\",\"item\":\"http:\/\/edensud.fr\/\"},{\"@type\":\"ListItem\",\"position\":2,\"name\":\"Portfolio\"}]},{\"@type\":\"WebSite\",\"@id\":\"http:\/\/edensud.fr\/#website\",\"url\":\"http:\/\/edensud.fr\/\",\"name\":\"Edensud\",\"description\":\"Atelier graphique\",\"publisher\":{\"@id\":\"http:\/\/edensud.fr\/#organization\"},\"potentialAction\":[{\"@type\":\"SearchAction\",\"target\":{\"@type\":\"EntryPoint\",\"urlTemplate\":\"http:\/\/edensud.fr\/?s={search_term_string}\"},\"query-input\":{\"@type\":\"PropertyValueSpecification\",\"valueRequired\":true,\"valueName\":\"search_term_string\"}}],\"inLanguage\":\"fr-FR\"},{\"@type\":\"Organization\",\"@id\":\"http:\/\/edensud.fr\/#organization\",\"name\":\"Edensud\",\"url\":\"http:\/\/edensud.fr\/\",\"logo\":{\"@type\":\"ImageObject\",\"inLanguage\":\"fr-FR\",\"@id\":\"http:\/\/edensud.fr\/#\/schema\/logo\/image\/\",\"url\":\"https:\/\/edensud.fr\/wp-content\/uploads\/2018\/06\/logo-eden-sud.png\",\"contentUrl\":\"https:\/\/edensud.fr\/wp-content\/uploads\/2018\/06\/logo-eden-sud.png\",\"width\":500,\"height\":150,\"caption\":\"Edensud\"},\"image\":{\"@id\":\"http:\/\/edensud.fr\/#\/schema\/logo\/image\/\"},\"sameAs\":[\"https:\/\/www.linkedin.com\/in\/guillaume-mottier-86144b10a\/\",\"https:\/\/www.pinterest.fr\/edensud\/\"]}]}<\/script>\n<!-- \/ Yoast SEO plugin. -->","yoast_head_json":{"title":"Portfolio Edensud - atelier de cr\u00e9ation graphique ind\u00e9pendant","description":"Portfolio Edensud. Nous sommes en charge de la conception et de la fabrication des supports de communication r\u00e9els et visuels.","robots":{"index":"index","follow":"follow","max-snippet":"max-snippet:-1","max-image-preview":"max-image-preview:large","max-video-preview":"max-video-preview:-1"},"canonical":"https:\/\/edensud.fr\/index.php\/portfolio\/","og_locale":"fr_FR","og_type":"article","og_title":"Portfolio Edensud - atelier de cr\u00e9ation graphique ind\u00e9pendant","og_description":"Portfolio Edensud. Nous sommes en charge de la conception et de la fabrication des supports de communication r\u00e9els et visuels.","og_url":"https:\/\/edensud.fr\/index.php\/portfolio\/","og_site_name":"Edensud","article_modified_time":"2020-02-12T14:58:43+00:00","twitter_card":"summary_large_image","twitter_misc":{"Dur\u00e9e de lecture estim\u00e9e":"2 minutes"},"schema":{"@context":"https:\/\/schema.org","@graph":[{"@type":"WebPage","@id":"https:\/\/edensud.fr\/index.php\/portfolio\/","url":"https:\/\/edensud.fr\/index.php\/portfolio\/","name":"Portfolio Edensud - atelier de cr\u00e9ation graphique ind\u00e9pendant","isPartOf":{"@id":"http:\/\/edensud.fr\/#website"},"datePublished":"2015-01-05T09:13:55+00:00","dateModified":"2020-02-12T14:58:43+00:00","description":"Portfolio Edensud. Nous sommes en charge de la conception et de la fabrication des supports de communication r\u00e9els et visuels.","breadcrumb":{"@id":"https:\/\/edensud.fr\/index.php\/portfolio\/#breadcrumb"},"inLanguage":"fr-FR","potentialAction":[{"@type":"ReadAction","target":["https:\/\/edensud.fr\/index.php\/portfolio\/"]}]},{"@type":"BreadcrumbList","@id":"https:\/\/edensud.fr\/index.php\/portfolio\/#breadcrumb","itemListElement":[{"@type":"ListItem","position":1,"name":"Accueil","item":"http:\/\/edensud.fr\/"},{"@type":"ListItem","position":2,"name":"Portfolio"}]},{"@type":"WebSite","@id":"http:\/\/edensud.fr\/#website","url":"http:\/\/edensud.fr\/","name":"Edensud","description":"Atelier graphique","publisher":{"@id":"http:\/\/edensud.fr\/#organization"},"potentialAction":[{"@type":"SearchAction","target":{"@type":"EntryPoint","urlTemplate":"http:\/\/edensud.fr\/?s={search_term_string}"},"query-input":{"@type":"PropertyValueSpecification","valueRequired":true,"valueName":"search_term_string"}}],"inLanguage":"fr-FR"},{"@type":"Organization","@id":"http:\/\/edensud.fr\/#organization","name":"Edensud","url":"http:\/\/edensud.fr\/","logo":{"@type":"ImageObject","inLanguage":"fr-FR","@id":"http:\/\/edensud.fr\/#\/schema\/logo\/image\/","url":"https:\/\/edensud.fr\/wp-content\/uploads\/2018\/06\/logo-eden-sud.png","contentUrl":"https:\/\/edensud.fr\/wp-content\/uploads\/2018\/06\/logo-eden-sud.png","width":500,"height":150,"caption":"Edensud"},"image":{"@id":"http:\/\/edensud.fr\/#\/schema\/logo\/image\/"},"sameAs":["https:\/\/www.linkedin.com\/in\/guillaume-mottier-86144b10a\/","https:\/\/www.pinterest.fr\/edensud\/"]}]}},"_links":{"self":[{"href":"https:\/\/edensud.fr\/index.php\/wp-json\/wp\/v2\/pages\/2218","targetHints":{"allow":["GET"]}}],"collection":[{"href":"https:\/\/edensud.fr\/index.php\/wp-json\/wp\/v2\/pages"}],"about":[{"href":"https:\/\/edensud.fr\/index.php\/wp-json\/wp\/v2\/types\/page"}],"author":[{"embeddable":true,"href":"https:\/\/edensud.fr\/index.php\/wp-json\/wp\/v2\/users\/1"}],"replies":[{"embeddable":true,"href":"https:\/\/edensud.fr\/index.php\/wp-json\/wp\/v2\/comments?post=2218"}],"version-history":[{"count":4,"href":"https:\/\/edensud.fr\/index.php\/wp-json\/wp\/v2\/pages\/2218\/revisions"}],"predecessor-version":[{"id":2610,"href":"https:\/\/edensud.fr\/index.php\/wp-json\/wp\/v2\/pages\/2218\/revisions\/2610"}],"wp:attachment":[{"href":"https:\/\/edensud.fr\/index.php\/wp-json\/wp\/v2\/media?parent=2218"}],"curies":[{"name":"wp","href":"https:\/\/api.w.org\/{rel}","templated":true}]}}